{"id":43,"date":"2024-11-18T12:39:47","date_gmt":"2024-11-18T12:39:47","guid":{"rendered":"https:\/\/egvvand.dk\/?page_id=43"},"modified":"2024-12-13T09:59:17","modified_gmt":"2024-12-13T09:59:17","slug":"ler","status":"publish","type":"page","link":"https:\/\/egvvand.dk\/index.php\/ler\/","title":{"rendered":"Ler"},"content":{"rendered":"\n<p>Ler \/ Skal du grave<\/p>\n\n\n\n<p>Hvis du skal grave, skal du have kendskab til placeringen af evt. ledninger i jorden, s\u00e5 du undg\u00e5r graveskader. For at s\u00f8ge ledningsoplysninger skal du oprette en graveforesp\u00f8rgsel i LER<\/p>\n\n\n\n<p>Se mere p\u00e5 <a href=\"https:\/\/ler.dk\" data-type=\"link\" data-id=\"https:\/\/ler.dk\" target=\"_blank\" rel=\"noreferrer noopener\">Ledningsejerregistret<\/a><\/p><br\/><br\/><br\/><br\/><br\/>\n\n\n\n<p><\/p>\n\n\n\n<p><\/p>\n\n\n\n<p><\/p>\n","protected":false},"excerpt":{"rendered":"<p>Ler \/ Skal du grave Hvis du skal grave, skal du have kendskab til placeringen af evt. ledninger i jorden, s\u00e5 du undg\u00e5r graveskader. For at s\u00f8ge ledningsoplysninger skal du oprette en graveforesp\u00f8rgsel i LER Se mere p\u00e5 Ledningsejerregistret<\/p>\n","protected":false},"author":1,"featured_media":0,"parent":0,"menu_order":0,"comment_status":"closed","ping_status":"closed","template":"","meta":{"footnotes":""},"class_list":["post-43","page","type-page","status-publish","hentry"],"_links":{"self":[{"href":"https:\/\/egvvand.dk\/index.php\/wp-json\/wp\/v2\/pages\/43","targetHints":{"allow":["GET"]}}],"collection":[{"href":"https:\/\/egvvand.dk\/index.php\/wp-json\/wp\/v2\/pages"}],"about":[{"href":"https:\/\/egvvand.dk\/index.php\/wp-json\/wp\/v2\/types\/page"}],"author":[{"embeddable":true,"href":"https:\/\/egvvand.dk\/index.php\/wp-json\/wp\/v2\/users\/1"}],"replies":[{"embeddable":true,"href":"https:\/\/egvvand.dk\/index.php\/wp-json\/wp\/v2\/comments?post=43"}],"version-history":[{"count":5,"href":"https:\/\/egvvand.dk\/index.php\/wp-json\/wp\/v2\/pages\/43\/revisions"}],"predecessor-version":[{"id":99,"href":"https:\/\/egvvand.dk\/index.php\/wp-json\/wp\/v2\/pages\/43\/revisions\/99"}],"wp:attachment":[{"href":"https:\/\/egvvand.dk\/index.php\/wp-json\/wp\/v2\/media?parent=43"}],"curies":[{"name":"wp","href":"https:\/\/api.w.org\/{rel}","templated":true}]}}