{"id":41,"date":"2024-11-18T12:39:13","date_gmt":"2024-11-18T12:39:13","guid":{"rendered":"https:\/\/egvvand.dk\/?page_id=41"},"modified":"2024-12-13T09:58:19","modified_gmt":"2024-12-13T09:58:19","slug":"om-vandvaerket","status":"publish","type":"page","link":"https:\/\/egvvand.dk\/index.php\/om-vandvaerket\/","title":{"rendered":"Vandv\u00e6rket"},"content":{"rendered":"\n<p><strong>Vandv\u00e6rkets historie.<\/strong><\/p>\n\n\n\n<p>Egedevejens Vandv\u00e6rk blev grundlagt i 1949 af en samling driftige folk. Vandv\u00e6rket blev bygget p\u00e5 sin nuv\u00e6rende placering, Nordg\u00e5rdsvej 16b \u2013 4640 Faxe.<\/p>\n\n\n\n<p>Ved etableringen blev alle vandledninger h\u00e5ndgravet ud til forbrugerne som str\u00e6kker sig fra Egedevej nr.&nbsp; 29 til nr. 105, inkl. Sidevejene Danavej, F\u00f8nixvej, Nordhjemsvej, Nordg\u00e5rdsvej og Skovg\u00e5rdsvej.<\/p>\n\n\n\n<p>I 2014 gennemgik vandv\u00e6rket en komplet hovedrenovering med, nye lukkede filtre, ny udpumpning og renovering af rentvandstank. Dette g\u00f8r at der gerne i mange \u00e5r endnu vil kunne leveres godt og rent drikkevand til de 108 forbrugere i vandv\u00e6rket.<\/p><br\/><br\/>\n\n\n\n<figure class=\"wp-block-image alignwide size-large\"><img loading=\"lazy\" decoding=\"async\" width=\"1024\" height=\"436\" src=\"https:\/\/egvvand.dk\/wp-content\/uploads\/2024\/11\/Om-1024x436.jpg\" alt=\"\" class=\"wp-image-71\" srcset=\"https:\/\/egvvand.dk\/wp-content\/uploads\/2024\/11\/Om-1024x436.jpg 1024w, https:\/\/egvvand.dk\/wp-content\/uploads\/2024\/11\/Om-300x128.jpg 300w, https:\/\/egvvand.dk\/wp-content\/uploads\/2024\/11\/Om-768x327.jpg 768w, https:\/\/egvvand.dk\/wp-content\/uploads\/2024\/11\/Om-1536x654.jpg 1536w, https:\/\/egvvand.dk\/wp-content\/uploads\/2024\/11\/Om.jpg 2016w\" sizes=\"auto, (max-width: 1024px) 100vw, 1024px\" \/><\/figure>\n","protected":false},"excerpt":{"rendered":"<p>Vandv\u00e6rkets historie. Egedevejens Vandv\u00e6rk blev grundlagt i 1949 af en samling driftige folk. Vandv\u00e6rket blev bygget p\u00e5 sin nuv\u00e6rende placering, Nordg\u00e5rdsvej 16b \u2013 4640 Faxe. Ved etableringen blev alle vandledninger h\u00e5ndgravet ud til forbrugerne som str\u00e6kker sig fra Egedevej nr.&nbsp; 29 til nr. 105, inkl. Sidevejene Danavej, F\u00f8nixvej, Nordhjemsvej, Nordg\u00e5rdsvej og Skovg\u00e5rdsvej. I 2014 gennemgik [&hellip;]<\/p>\n","protected":false},"author":1,"featured_media":0,"parent":0,"menu_order":0,"comment_status":"closed","ping_status":"closed","template":"","meta":{"footnotes":""},"class_list":["post-41","page","type-page","status-publish","hentry"],"_links":{"self":[{"href":"https:\/\/egvvand.dk\/index.php\/wp-json\/wp\/v2\/pages\/41","targetHints":{"allow":["GET"]}}],"collection":[{"href":"https:\/\/egvvand.dk\/index.php\/wp-json\/wp\/v2\/pages"}],"about":[{"href":"https:\/\/egvvand.dk\/index.php\/wp-json\/wp\/v2\/types\/page"}],"author":[{"embeddable":true,"href":"https:\/\/egvvand.dk\/index.php\/wp-json\/wp\/v2\/users\/1"}],"replies":[{"embeddable":true,"href":"https:\/\/egvvand.dk\/index.php\/wp-json\/wp\/v2\/comments?post=41"}],"version-history":[{"count":6,"href":"https:\/\/egvvand.dk\/index.php\/wp-json\/wp\/v2\/pages\/41\/revisions"}],"predecessor-version":[{"id":98,"href":"https:\/\/egvvand.dk\/index.php\/wp-json\/wp\/v2\/pages\/41\/revisions\/98"}],"wp:attachment":[{"href":"https:\/\/egvvand.dk\/index.php\/wp-json\/wp\/v2\/media?parent=41"}],"curies":[{"name":"wp","href":"https:\/\/api.w.org\/{rel}","templated":true}]}}